{"id":87,"date":"2014-10-14T15:46:31","date_gmt":"2014-10-14T15:46:31","guid":{"rendered":"http:\/\/xml.gruppesite.dk\/?page_id=38"},"modified":"2022-03-17T17:35:24","modified_gmt":"2022-03-17T17:35:24","slug":"enhederne","status":"publish","type":"page","link":"https:\/\/www.faxerollo.dk\/?page_id=87","title":{"rendered":"Enhederne"},"content":{"rendered":"<p>Hos Rollo spejderne har vi fem forskellige spejdergrupper opdelt efter spejdernes alder.<\/p>\n<p>Vi har f\u00f8lgende enheder:<\/p>\n<ul>\n<li>Familiespejder<\/li>\n<li>B\u00e6ver<\/li>\n<li>Ulve<\/li>\n<li>Juniorer<\/li>\n<li>Trop spejdere<\/li>\n<\/ul>\n<p>Under enheder kan man l\u00e6se om hver enkel enhed og hvad denne enhed laver, samt hvilke aldersgruppe som h\u00f8rer til netop denne enhed.<\/p>\n","protected":false},"excerpt":{"rendered":"<p>Hos Rollo spejderne har vi fem forskellige spejdergrupper opdelt efter spejdernes alder. Vi har f\u00f8lgende enheder: Familiespejder B\u00e6ver Ulve Juniorer Trop spejdere Under enheder kan man l\u00e6se om hver enkel enhed og hvad denne enhed laver, samt hvilke aldersgruppe som h\u00f8rer til netop denne enhed.<\/p>\n","protected":false},"author":1,"featured_media":0,"parent":0,"menu_order":0,"comment_status":"closed","ping_status":"open","template":"","meta":{"footnotes":""},"class_list":["post-87","page","type-page","status-publish","hentry"],"_links":{"self":[{"href":"https:\/\/www.faxerollo.dk\/index.php?rest_route=\/wp\/v2\/pages\/87","targetHints":{"allow":["GET"]}}],"collection":[{"href":"https:\/\/www.faxerollo.dk\/index.php?rest_route=\/wp\/v2\/pages"}],"about":[{"href":"https:\/\/www.faxerollo.dk\/index.php?rest_route=\/wp\/v2\/types\/page"}],"author":[{"embeddable":true,"href":"https:\/\/www.faxerollo.dk\/index.php?rest_route=\/wp\/v2\/users\/1"}],"replies":[{"embeddable":true,"href":"https:\/\/www.faxerollo.dk\/index.php?rest_route=%2Fwp%2Fv2%2Fcomments&post=87"}],"version-history":[{"count":1,"href":"https:\/\/www.faxerollo.dk\/index.php?rest_route=\/wp\/v2\/pages\/87\/revisions"}],"predecessor-version":[{"id":307,"href":"https:\/\/www.faxerollo.dk\/index.php?rest_route=\/wp\/v2\/pages\/87\/revisions\/307"}],"wp:attachment":[{"href":"https:\/\/www.faxerollo.dk\/index.php?rest_route=%2Fwp%2Fv2%2Fmedia&parent=87"}],"curies":[{"name":"wp","href":"https:\/\/api.w.org\/{rel}","templated":true}]}}