{"id":86,"date":"2014-10-14T15:44:53","date_gmt":"2014-10-14T15:44:53","guid":{"rendered":"http:\/\/xml.gruppesite.dk\/?page_id=34"},"modified":"2023-09-17T16:11:21","modified_gmt":"2023-09-17T16:11:21","slug":"forsiden","status":"publish","type":"page","link":"https:\/\/www.faxerollo.dk\/","title":{"rendered":"Velkommen til Rollospejderne"},"content":{"rendered":"<header><\/header>\n<header>Velkommen til Rollo, ja den hyggelig spejdergruppe ved siden af Faxe kalkbrud. Vi er en spejdergruppe som siden 1989, har skabt f\u00e6llesskab for b\u00f8rn, unge og voksne mennesker i et m\u00f8de med naturen. Hos os er det ikke vigtigt at man er den bedste til at pionere, eller kan t\u00e6nde et b\u00e5l p\u00e5 ingen tid, men derimod at man er frisk p\u00e5 at pr\u00f8ve sig frem og l\u00e6re af hinanden. Hos os er vi en st\u00f8rre gruppe frivillige mennesker som til sammen danner Rollo-spejder-familien. B\u00e5de vores ledere, forpersoner, kasser, grupper\u00e5d og bestyrelse arbejder benh\u00e5rdt sammen for at skabe nogle gode oplevelser for og med vores spejdere. Dette g\u00e6lder b\u00e5de lejrturer, vores st\u00f8rre arrangementer, men ogs\u00e5 vores normale enhedsm\u00f8der i hytten. Vi er en gruppe med 5 forskellige enheder, til b\u00f8rn i alle aldre, og til voksne. Men p\u00e5 trods af at v\u00e6re i meget forskellige alder, arbejder vores spejdere ofte sammen p\u00e5 kryds og tv\u00e6rs for at hj\u00e6lpe og l\u00e6re af hinanden.<\/header>\n<header><\/header>\n<header><\/header>\n<header><\/header>\n<header><\/header>\n<header><\/header>\n<header><\/header>\n<header>\n<br \/> Hos os f\u00e5r du venner for livet, udfordringer til hoved og krop og evnerne til at kunne klare sig selv i mange situationen, b\u00e5de alene og som gruppe. Vi er en spejdergruppe baseret p\u00e5 Baden Powells spejderbev\u00e6gelse og arbejder derfor i h\u00f8j grad med de klassiske spejderaktiviteter og grundtanken om learning-by-doing. Som sagt g\u00e5r vi meget op i vores f\u00e6llesskaber og det at skabe et trygt og rart milj\u00f8 for alle. Man kommer derfor til at blive et menneske som er i stand til at g\u00f8re en positiv forskel i sit eget og andres liv. P\u00e5 den m\u00e5de adskiller spejder sig fra andre fritidsinteresser, da man l\u00e6rer at tage ansvar for sin egen personlige udvikling, at vise respekt for andre mennesker og v\u00e6re ansvarlig over for naturen og det samfund, du er en del af.<\/header>\n<header><\/header>\n<header><\/header>\n<header><\/header>\n<header><\/header>\n<header><\/header>\n<header><\/header>\n<header><strong> <br \/> Hos os\u00a0f\u00e5r du:<\/strong><\/p>\n<ul>\n<li>Venner for livet<\/li>\n<li>Engagerede voksne, frivillige ledere<\/li>\n<li>Hj\u00e6lp til at l\u00e6re at klare dig selv<\/li>\n<li>Aktive naturoplevelser<\/li>\n<li>Sjove lejrture<\/li>\n<li>Udfordringer, der passer til dig<\/li>\n<li>Et f\u00e6llesskab som skaber minder<\/li>\n<\/ul>\n<\/header>\n","protected":false},"excerpt":{"rendered":"<p>Velkommen til Rollo, ja den hyggelig spejdergruppe ved siden af Faxe kalkbrud. Vi er en spejdergruppe som siden 1989, har skabt f\u00e6llesskab for b\u00f8rn, unge og voksne mennesker i et m\u00f8de med naturen. Hos os er det ikke vigtigt at man er den bedste til at pionere, eller kan t\u00e6nde et b\u00e5l p\u00e5 ingen tid, men derimod at man er frisk p\u00e5 at pr\u00f8ve sig frem og l\u00e6re af hinanden. Hos os er vi en st\u00f8rre gruppe frivillige mennesker som&#8230;<\/p>\n<p class=\"read-more\"><a class=\"btn btn-default\" href=\"https:\/\/www.faxerollo.dk\/\"> Read More<span class=\"screen-reader-text\">  Read More<\/span><\/a><\/p>\n","protected":false},"author":1,"featured_media":0,"parent":0,"menu_order":0,"comment_status":"closed","ping_status":"closed","template":"","meta":{"footnotes":""},"class_list":["post-86","page","type-page","status-publish","hentry"],"_links":{"self":[{"href":"https:\/\/www.faxerollo.dk\/index.php?rest_route=\/wp\/v2\/pages\/86","targetHints":{"allow":["GET"]}}],"collection":[{"href":"https:\/\/www.faxerollo.dk\/index.php?rest_route=\/wp\/v2\/pages"}],"about":[{"href":"https:\/\/www.faxerollo.dk\/index.php?rest_route=\/wp\/v2\/types\/page"}],"author":[{"embeddable":true,"href":"https:\/\/www.faxerollo.dk\/index.php?rest_route=\/wp\/v2\/users\/1"}],"replies":[{"embeddable":true,"href":"https:\/\/www.faxerollo.dk\/index.php?rest_route=%2Fwp%2Fv2%2Fcomments&post=86"}],"version-history":[{"count":10,"href":"https:\/\/www.faxerollo.dk\/index.php?rest_route=\/wp\/v2\/pages\/86\/revisions"}],"predecessor-version":[{"id":664,"href":"https:\/\/www.faxerollo.dk\/index.php?rest_route=\/wp\/v2\/pages\/86\/revisions\/664"}],"wp:attachment":[{"href":"https:\/\/www.faxerollo.dk\/index.php?rest_route=%2Fwp%2Fv2%2Fmedia&parent=86"}],"curies":[{"name":"wp","href":"https:\/\/api.w.org\/{rel}","templated":true}]}}