{"id":64,"date":"2015-01-03T22:20:22","date_gmt":"2015-01-03T22:20:22","guid":{"rendered":"http:\/\/xml.gruppesite.dk\/?page_id=64"},"modified":"2024-10-13T12:25:44","modified_gmt":"2024-10-13T12:25:44","slug":"spejdertrop","status":"publish","type":"page","link":"https:\/\/www.faxerollo.dk\/?page_id=64","title":{"rendered":"Tropspejder"},"content":{"rendered":"\r\n<figure class=\"wp-block-image size-full\"><img loading=\"lazy\" decoding=\"async\" width=\"960\" height=\"720\" class=\"wp-image-447\" src=\"https:\/\/www.faxerollo.dk\/wp-content\/uploads\/2022\/10\/Trop-spejder.jpg\" alt=\"\" srcset=\"https:\/\/www.faxerollo.dk\/wp-content\/uploads\/2022\/10\/Trop-spejder.jpg 960w, https:\/\/www.faxerollo.dk\/wp-content\/uploads\/2022\/10\/Trop-spejder-300x225.jpg 300w, https:\/\/www.faxerollo.dk\/wp-content\/uploads\/2022\/10\/Trop-spejder-768x576.jpg 768w, https:\/\/www.faxerollo.dk\/wp-content\/uploads\/2022\/10\/Trop-spejder-360x270.jpg 360w\" sizes=\"auto, (max-width: 960px) 100vw, 960px\" \/>\r\n<figcaption>Her er et billede af ulve\/trop flokken, da begge enheder var sammen den gang. Billede er fra Spejdernes lejr 2022.<\/figcaption>\r\n<\/figure>\r\n\r\n<div><strong>Hvad er Trop spejder?<\/strong><\/div>\r\n<div>\u00a0<\/div>\r\n<div>Trop spejderne er den \u00e6ldste b\u00f8rnespejderenhed hos Rollo og best\u00e5r af spejdere fra fjerde klasse og op efter. Et spejderm\u00f8de hos trop er b\u00e5de sjov, ballade og l\u00e6ring.<\/div>\r\n<div>\u00a0<\/div>\r\n<div>Vi har bl.a. om knob, koder, kort, kompas, f\u00f8rstehj\u00e6lp og meget mere.<\/div>\r\n<div>\u00a0<\/div>\r\n<ul>\r\n<li><span class=\"contentnormal\">Spejderliv kan\u00a0<em>beskrives<\/em>\u00a0med ord, men kan kun\u00a0<em>opleves<\/em>\u00a0i virkeligheden<\/span><\/li>\r\n<li><span class=\"contentnormal\">Spejderliv foreg\u00e5r i t\u00e6t kontakt med naturen<\/span><\/li>\r\n<li><span class=\"contentnormal\">Spejderliv foreg\u00e5r i et n\u00e6rt f\u00e6llesskab med spejderkammeraterne<\/span>\u00a0<\/li>\r\n<\/ul>\r\n\r\n<p><strong>Lederne for Trop<\/strong>: Lederne for trop er Jeff, Joakim og Thomas, som hj\u00e6lpes til af de andre ledere her og der.<\/p>\r\n\r\n\r\n\r\n<p><strong>Praktisk<\/strong>: Trop spejderne m\u00f8des hver anden s\u00f8ndag i ulige uger, fra 10.00-14.00.<\/p>\r\n","protected":false},"excerpt":{"rendered":"<p>Hvad er Trop spejder? \u00a0 Trop spejderne er den \u00e6ldste b\u00f8rnespejderenhed hos Rollo og best\u00e5r af spejdere fra fjerde klasse og op efter. Et spejderm\u00f8de hos trop er b\u00e5de sjov, ballade og l\u00e6ring. \u00a0 Vi har bl.a. om knob, koder, kort, kompas, f\u00f8rstehj\u00e6lp og meget mere. \u00a0 Spejderliv kan\u00a0beskrives\u00a0med ord, men kan kun\u00a0opleves\u00a0i virkeligheden Spejderliv foreg\u00e5r i t\u00e6t kontakt med naturen Spejderliv foreg\u00e5r i et n\u00e6rt f\u00e6llesskab med spejderkammeraterne\u00a0 Lederne for Trop: Lederne for trop er Jeff, Joakim og Thomas,&#8230;<\/p>\n<p class=\"read-more\"><a class=\"btn btn-default\" href=\"https:\/\/www.faxerollo.dk\/?page_id=64\"> Read More<span class=\"screen-reader-text\">  Read More<\/span><\/a><\/p>\n","protected":false},"author":1,"featured_media":0,"parent":87,"menu_order":0,"comment_status":"closed","ping_status":"closed","template":"","meta":{"footnotes":""},"class_list":["post-64","page","type-page","status-publish","hentry"],"_links":{"self":[{"href":"https:\/\/www.faxerollo.dk\/index.php?rest_route=\/wp\/v2\/pages\/64","targetHints":{"allow":["GET"]}}],"collection":[{"href":"https:\/\/www.faxerollo.dk\/index.php?rest_route=\/wp\/v2\/pages"}],"about":[{"href":"https:\/\/www.faxerollo.dk\/index.php?rest_route=\/wp\/v2\/types\/page"}],"author":[{"embeddable":true,"href":"https:\/\/www.faxerollo.dk\/index.php?rest_route=\/wp\/v2\/users\/1"}],"replies":[{"embeddable":true,"href":"https:\/\/www.faxerollo.dk\/index.php?rest_route=%2Fwp%2Fv2%2Fcomments&post=64"}],"version-history":[{"count":19,"href":"https:\/\/www.faxerollo.dk\/index.php?rest_route=\/wp\/v2\/pages\/64\/revisions"}],"predecessor-version":[{"id":728,"href":"https:\/\/www.faxerollo.dk\/index.php?rest_route=\/wp\/v2\/pages\/64\/revisions\/728"}],"up":[{"embeddable":true,"href":"https:\/\/www.faxerollo.dk\/index.php?rest_route=\/wp\/v2\/pages\/87"}],"wp:attachment":[{"href":"https:\/\/www.faxerollo.dk\/index.php?rest_route=%2Fwp%2Fv2%2Fmedia&parent=64"}],"curies":[{"name":"wp","href":"https:\/\/api.w.org\/{rel}","templated":true}]}}