{"id":62,"date":"2015-01-03T22:19:51","date_gmt":"2015-01-03T22:19:51","guid":{"rendered":"http:\/\/xml.gruppesite.dk\/?page_id=62"},"modified":"2024-10-13T12:23:55","modified_gmt":"2024-10-13T12:23:55","slug":"ulve","status":"publish","type":"page","link":"https:\/\/www.faxerollo.dk\/?page_id=62","title":{"rendered":"Ulve"},"content":{"rendered":"\r\n<figure class=\"wp-block-image size-full\"><img loading=\"lazy\" decoding=\"async\" width=\"960\" height=\"720\" class=\"wp-image-461\" src=\"https:\/\/www.faxerollo.dk\/wp-content\/uploads\/2022\/10\/Ulve.jpg\" alt=\"\" srcset=\"https:\/\/www.faxerollo.dk\/wp-content\/uploads\/2022\/10\/Ulve.jpg 960w, https:\/\/www.faxerollo.dk\/wp-content\/uploads\/2022\/10\/Ulve-300x225.jpg 300w, https:\/\/www.faxerollo.dk\/wp-content\/uploads\/2022\/10\/Ulve-768x576.jpg 768w, https:\/\/www.faxerollo.dk\/wp-content\/uploads\/2022\/10\/Ulve-360x270.jpg 360w\" sizes=\"auto, (max-width: 960px) 100vw, 960px\" \/>\r\n<figcaption>Her er et billede af ulve\/trop flokken, da begge enheder var sammen den gang. Billede er fra Spejdernes lejr 2022.<\/figcaption>\r\n<\/figure>\r\n\r\n\r\n\r\n<p><strong>Hvad er ulve spejdere?<\/strong><\/p>\r\n\r\n\r\n\r\n<p>Ulvene best\u00e5r af spejdere fra anden og tredje klasse. Arbejdet i ulveflokken er inspireret af Kiplings bog <em>Junglebogen<\/em>, hvor der blandt mange af junglens dyr er en flok ulve, der ledes af f\u00f8rerulvene Akela og Raksha. Spejderne er s\u00e5ledes ulveunger og de tildeles navne opkaldt efter junglens dyr. B\u00f8rnene i ulveflokken inddeles i sm\u00e5 bander. I hver bande udn\u00e6vnes en ulv til at v\u00e6re bandeleder og en ulv til at v\u00e6re bandeassistent. Vi arbejder bl.a. med knob, koder, kort, kompas, f\u00f8rstehj\u00e6lp og dolk, s\u00e5 hvis det lige er noget du syntes lyder sjovt, s\u00e5 kom og v\u00e6r med.<\/p>\r\n\r\n\r\n\r\n<p><strong>Lederne hos ulvene<\/strong>: Rollos ulveledere er Joakim, Jeff og Thomas.<\/p>\r\n\r\n\r\n\r\n<p><strong>Praktisk<\/strong>: Ulvene m\u00f8des i Rollo hytten hver anden s\u00f8ndag i ulige uger fra 10-13.<\/p>\r\n","protected":false},"excerpt":{"rendered":"<p>Hvad er ulve spejdere? Ulvene best\u00e5r af spejdere fra anden og tredje klasse. Arbejdet i ulveflokken er inspireret af Kiplings bog Junglebogen, hvor der blandt mange af junglens dyr er en flok ulve, der ledes af f\u00f8rerulvene Akela og Raksha. Spejderne er s\u00e5ledes ulveunger og de tildeles navne opkaldt efter junglens dyr. B\u00f8rnene i ulveflokken inddeles i sm\u00e5 bander. I hver bande udn\u00e6vnes en ulv til at v\u00e6re bandeleder og en ulv til at v\u00e6re bandeassistent. Vi arbejder bl.a. med&#8230;<\/p>\n<p class=\"read-more\"><a class=\"btn btn-default\" href=\"https:\/\/www.faxerollo.dk\/?page_id=62\"> Read More<span class=\"screen-reader-text\">  Read More<\/span><\/a><\/p>\n","protected":false},"author":1,"featured_media":0,"parent":87,"menu_order":0,"comment_status":"closed","ping_status":"closed","template":"","meta":{"footnotes":""},"class_list":["post-62","page","type-page","status-publish","hentry"],"_links":{"self":[{"href":"https:\/\/www.faxerollo.dk\/index.php?rest_route=\/wp\/v2\/pages\/62","targetHints":{"allow":["GET"]}}],"collection":[{"href":"https:\/\/www.faxerollo.dk\/index.php?rest_route=\/wp\/v2\/pages"}],"about":[{"href":"https:\/\/www.faxerollo.dk\/index.php?rest_route=\/wp\/v2\/types\/page"}],"author":[{"embeddable":true,"href":"https:\/\/www.faxerollo.dk\/index.php?rest_route=\/wp\/v2\/users\/1"}],"replies":[{"embeddable":true,"href":"https:\/\/www.faxerollo.dk\/index.php?rest_route=%2Fwp%2Fv2%2Fcomments&post=62"}],"version-history":[{"count":12,"href":"https:\/\/www.faxerollo.dk\/index.php?rest_route=\/wp\/v2\/pages\/62\/revisions"}],"predecessor-version":[{"id":726,"href":"https:\/\/www.faxerollo.dk\/index.php?rest_route=\/wp\/v2\/pages\/62\/revisions\/726"}],"up":[{"embeddable":true,"href":"https:\/\/www.faxerollo.dk\/index.php?rest_route=\/wp\/v2\/pages\/87"}],"wp:attachment":[{"href":"https:\/\/www.faxerollo.dk\/index.php?rest_route=%2Fwp%2Fv2%2Fmedia&parent=62"}],"curies":[{"name":"wp","href":"https:\/\/api.w.org\/{rel}","templated":true}]}}