{"id":570,"date":"2023-06-10T11:17:01","date_gmt":"2023-06-10T11:17:01","guid":{"rendered":"https:\/\/www.faxerollo.dk\/?page_id=570"},"modified":"2023-08-20T18:13:47","modified_gmt":"2023-08-20T18:13:47","slug":"sponsoraftale","status":"publish","type":"page","link":"https:\/\/www.faxerollo.dk\/?page_id=570","title":{"rendered":"Sponsoraftale"},"content":{"rendered":"<h1 dir=\"ltr\">Sponsorater til G\u00e5-arrangementet 2023<\/h1>\n<p>Vi vil gerne sige mange tak til f\u00f8lgende, som var med til at sponsorere vores g\u00e5-arrangement med tombolagaver eller med et \u00f8konomisk bidrag til arrangementet. Vi er meget taknemlige for jeres bidrag, som var med til at skabe en sk\u00f8n og hyggelig dag hos Rollo.<\/p>\n<p><strong>\u00d8konomisk sponsorat:<\/strong><\/p>\n<ul>\n<li>EJ byg<\/li>\n<li>You Be Well<\/li>\n<li>Faxe Byggeservice<\/li>\n<li>Murermester 24\/7<\/li>\n<li>Nielsen Enterprise<\/li>\n<li>Malermester Rosen\u00f8rn<\/li>\n<li>Nielmann Enterprise A\/S<\/li>\n<li>Thomas J\u00f8rgensen og s\u00f8n<\/li>\n<\/ul>\n<p><strong>Tombola gaver:<\/strong><\/p>\n<ul>\n<li>Fine<\/li>\n<li>Nybolig<\/li>\n<li>Boghuset<\/li>\n<li>Wandahls<\/li>\n<li>Meny Faxe<\/li>\n<li>You Be Well<\/li>\n<li>Sparekassen<\/li>\n<li>Din T\u00f8jmand<\/li>\n<li>Werner Bolig<\/li>\n<li>Merle og Wilde<\/li>\n<li>EDC M\u00e6glerne<\/li>\n<li>Albert og Emma<\/li>\n<li>Super Brugsen Faxe Ladeplads<\/li>\n<\/ul>\n<hr \/>\n<p dir=\"ltr\" style=\"text-align: center;\"><img loading=\"lazy\" decoding=\"async\" class=\"alignnone wp-image-575\" src=\"https:\/\/www.faxerollo.dk\/wp-content\/uploads\/2023\/06\/image3-300x300.png\" alt=\"\" width=\"212\" height=\"212\" srcset=\"https:\/\/www.faxerollo.dk\/wp-content\/uploads\/2023\/06\/image3-300x300.png 300w, https:\/\/www.faxerollo.dk\/wp-content\/uploads\/2023\/06\/image3-150x150.png 150w, https:\/\/www.faxerollo.dk\/wp-content\/uploads\/2023\/06\/image3-270x270.png 270w, https:\/\/www.faxerollo.dk\/wp-content\/uploads\/2023\/06\/image3.png 500w\" sizes=\"auto, (max-width: 212px) 100vw, 212px\" \/><\/p>\n<p dir=\"ltr\">Rollospejderne Faxe har en sponsoraftale med OK, og foreningen kan nu se frem til ekstra kroner til aktiviteter, udstyr eller noget helt andet.<\/p>\n<p dir=\"ltr\">OK har besluttet, at Rollospejderne fra 1. juni f\u00e5r dobbelt st\u00f8tte, n\u00e5r I som for\u00e6ldre benytter OK\u2019s app til betaling ved tankstationen.<br \/>\nDet betyder, at OK nu st\u00f8tter Rollospejderne med 10 \u00f8re per liter br\u00e6ndstof hvis I bruger appen i stedet for kortet, n\u00e5r I tanker.<\/p>\n<p dir=\"ltr\">Der er selvf\u00f8lgelig ogs\u00e5 stadig st\u00f8tte, n\u00e5r betalingen bliver gennemf\u00f8rt med et OK-kort &#8211; her f\u00e5r Rollospejderne som altid fem \u00f8re per liter.<\/p>\n<p dir=\"ltr\">P\u00e5 <a href=\"http:\/\/www.ok.dk\/privat\/produkter\/ok-kort\" target=\"_blank\" rel=\"noopener\" data-saferedirecturl=\"https:\/\/www.google.com\/url?q=http:\/\/www.ok.dk\/privat\/produkter\/ok-kort&amp;source=gmail&amp;ust=1686482136709000&amp;usg=AOvVaw2utEBIsrG-SCtCKwVHKiiZ\">www.ok.dk\/privat\/produkter\/ok-<wbr \/>kort<\/a> kan I ans\u00f8ge om et OK kort, hvis ikke I har et brandstofkort fra OK (husk at tilmelde det til Rollospejderne Faxe).<\/p>\n<p dir=\"ltr\">Hvis ikke I har OK\u2019s app, s\u00e5 kan den downloades p\u00e5:<\/p>\n<p dir=\"ltr\"><img loading=\"lazy\" decoding=\"async\" class=\"alignnone size-medium wp-image-577\" src=\"https:\/\/www.faxerollo.dk\/wp-content\/uploads\/2023\/06\/222222-300x92.jpg\" alt=\"\" width=\"300\" height=\"92\" srcset=\"https:\/\/www.faxerollo.dk\/wp-content\/uploads\/2023\/06\/222222-300x92.jpg 300w, https:\/\/www.faxerollo.dk\/wp-content\/uploads\/2023\/06\/222222.jpg 405w\" sizes=\"auto, (max-width: 300px) 100vw, 300px\" \/><\/p>\n<p dir=\"ltr\">Med Spejderhilsen.<\/p>\n","protected":false},"excerpt":{"rendered":"<p>Sponsorater til G\u00e5-arrangementet 2023 Vi vil gerne sige mange tak til f\u00f8lgende, som var med til at sponsorere vores g\u00e5-arrangement med tombolagaver eller med et \u00f8konomisk bidrag til arrangementet. Vi er meget taknemlige for jeres bidrag, som var med til at skabe en sk\u00f8n og hyggelig dag hos Rollo. \u00d8konomisk sponsorat: EJ byg You Be Well Faxe Byggeservice Murermester 24\/7 Nielsen Enterprise Malermester Rosen\u00f8rn Nielmann Enterprise A\/S Thomas J\u00f8rgensen og s\u00f8n Tombola gaver: Fine Nybolig Boghuset Wandahls Meny Faxe You&#8230;<\/p>\n<p class=\"read-more\"><a class=\"btn btn-default\" href=\"https:\/\/www.faxerollo.dk\/?page_id=570\"> Read More<span class=\"screen-reader-text\">  Read More<\/span><\/a><\/p>\n","protected":false},"author":1,"featured_media":0,"parent":0,"menu_order":0,"comment_status":"closed","ping_status":"closed","template":"","meta":{"footnotes":""},"class_list":["post-570","page","type-page","status-publish","hentry"],"_links":{"self":[{"href":"https:\/\/www.faxerollo.dk\/index.php?rest_route=\/wp\/v2\/pages\/570","targetHints":{"allow":["GET"]}}],"collection":[{"href":"https:\/\/www.faxerollo.dk\/index.php?rest_route=\/wp\/v2\/pages"}],"about":[{"href":"https:\/\/www.faxerollo.dk\/index.php?rest_route=\/wp\/v2\/types\/page"}],"author":[{"embeddable":true,"href":"https:\/\/www.faxerollo.dk\/index.php?rest_route=\/wp\/v2\/users\/1"}],"replies":[{"embeddable":true,"href":"https:\/\/www.faxerollo.dk\/index.php?rest_route=%2Fwp%2Fv2%2Fcomments&post=570"}],"version-history":[{"count":7,"href":"https:\/\/www.faxerollo.dk\/index.php?rest_route=\/wp\/v2\/pages\/570\/revisions"}],"predecessor-version":[{"id":639,"href":"https:\/\/www.faxerollo.dk\/index.php?rest_route=\/wp\/v2\/pages\/570\/revisions\/639"}],"wp:attachment":[{"href":"https:\/\/www.faxerollo.dk\/index.php?rest_route=%2Fwp%2Fv2%2Fmedia&parent=570"}],"curies":[{"name":"wp","href":"https:\/\/api.w.org\/{rel}","templated":true}]}}