{"id":53,"date":"2015-01-03T22:10:09","date_gmt":"2015-01-03T22:10:09","guid":{"rendered":"http:\/\/xml.gruppesite.dk\/?page_id=53"},"modified":"2022-10-18T11:18:04","modified_gmt":"2022-10-18T11:18:04","slug":"spejderhuset","status":"publish","type":"page","link":"https:\/\/www.faxerollo.dk\/?page_id=53","title":{"rendered":"Spejderhuset"},"content":{"rendered":"<p><strong>Placering:<\/strong> Spejderhuset hedder Rolloborgen og ligger p\u00e5 Stationsvej 9. 4640 Faxe.<\/p>\n<p>Rolloborgen er en spejder hytte i to dele. Der er den store hytte hvor familiespejder og b\u00e6verne h\u00f8rer til, her er der ogs\u00e5 arregementer osv. Den anden hytte ligger lige ved siden af den store hytte og er der hvor Ulve og Trop h\u00f8rer til.<\/p>\n\n\n<figure class=\"wp-block-gallery has-nested-images columns-default is-cropped wp-block-gallery-1 is-layout-flex wp-block-gallery-is-layout-flex\">\n<figure class=\"wp-block-image size-large\"><img loading=\"lazy\" decoding=\"async\" width=\"1024\" height=\"462\" data-id=\"472\" src=\"https:\/\/www.faxerollo.dk\/wp-content\/uploads\/2022\/10\/Rollo-5-1024x462.jpg\" alt=\"\" class=\"wp-image-472\" srcset=\"https:\/\/www.faxerollo.dk\/wp-content\/uploads\/2022\/10\/Rollo-5-1024x462.jpg 1024w, https:\/\/www.faxerollo.dk\/wp-content\/uploads\/2022\/10\/Rollo-5-300x135.jpg 300w, https:\/\/www.faxerollo.dk\/wp-content\/uploads\/2022\/10\/Rollo-5-768x346.jpg 768w, https:\/\/www.faxerollo.dk\/wp-content\/uploads\/2022\/10\/Rollo-5-1536x692.jpg 1536w, https:\/\/www.faxerollo.dk\/wp-content\/uploads\/2022\/10\/Rollo-5-599x270.jpg 599w, https:\/\/www.faxerollo.dk\/wp-content\/uploads\/2022\/10\/Rollo-5.jpg 2048w\" sizes=\"auto, (max-width: 1024px) 100vw, 1024px\" \/><\/figure>\n\n\n\n<figure class=\"wp-block-image size-large\"><img loading=\"lazy\" decoding=\"async\" width=\"768\" height=\"1024\" data-id=\"473\" src=\"https:\/\/www.faxerollo.dk\/wp-content\/uploads\/2022\/10\/Rollo-4-768x1024.jpg\" alt=\"\" class=\"wp-image-473\" srcset=\"https:\/\/www.faxerollo.dk\/wp-content\/uploads\/2022\/10\/Rollo-4-768x1024.jpg 768w, https:\/\/www.faxerollo.dk\/wp-content\/uploads\/2022\/10\/Rollo-4-225x300.jpg 225w, https:\/\/www.faxerollo.dk\/wp-content\/uploads\/2022\/10\/Rollo-4-1152x1536.jpg 1152w, https:\/\/www.faxerollo.dk\/wp-content\/uploads\/2022\/10\/Rollo-4-203x270.jpg 203w, https:\/\/www.faxerollo.dk\/wp-content\/uploads\/2022\/10\/Rollo-4.jpg 1536w\" sizes=\"auto, (max-width: 768px) 100vw, 768px\" \/><\/figure>\n\n\n\n<figure class=\"wp-block-image size-large\"><img loading=\"lazy\" decoding=\"async\" width=\"768\" height=\"1024\" data-id=\"471\" src=\"https:\/\/www.faxerollo.dk\/wp-content\/uploads\/2022\/10\/Rollo-3-768x1024.jpg\" alt=\"\" class=\"wp-image-471\" srcset=\"https:\/\/www.faxerollo.dk\/wp-content\/uploads\/2022\/10\/Rollo-3-768x1024.jpg 768w, https:\/\/www.faxerollo.dk\/wp-content\/uploads\/2022\/10\/Rollo-3-225x300.jpg 225w, https:\/\/www.faxerollo.dk\/wp-content\/uploads\/2022\/10\/Rollo-3-1152x1536.jpg 1152w, https:\/\/www.faxerollo.dk\/wp-content\/uploads\/2022\/10\/Rollo-3-203x270.jpg 203w, https:\/\/www.faxerollo.dk\/wp-content\/uploads\/2022\/10\/Rollo-3.jpg 1536w\" sizes=\"auto, (max-width: 768px) 100vw, 768px\" \/><\/figure>\n\n\n\n<figure class=\"wp-block-image size-large\"><img loading=\"lazy\" decoding=\"async\" width=\"960\" height=\"720\" data-id=\"470\" src=\"https:\/\/www.faxerollo.dk\/wp-content\/uploads\/2022\/10\/Rollo-2.jpg\" alt=\"\" class=\"wp-image-470\" srcset=\"https:\/\/www.faxerollo.dk\/wp-content\/uploads\/2022\/10\/Rollo-2.jpg 960w, https:\/\/www.faxerollo.dk\/wp-content\/uploads\/2022\/10\/Rollo-2-300x225.jpg 300w, https:\/\/www.faxerollo.dk\/wp-content\/uploads\/2022\/10\/Rollo-2-768x576.jpg 768w, https:\/\/www.faxerollo.dk\/wp-content\/uploads\/2022\/10\/Rollo-2-360x270.jpg 360w\" sizes=\"auto, (max-width: 960px) 100vw, 960px\" \/><\/figure>\n\n\n\n<figure class=\"wp-block-image size-large\"><img loading=\"lazy\" decoding=\"async\" width=\"1024\" height=\"1015\" data-id=\"474\" src=\"https:\/\/www.faxerollo.dk\/wp-content\/uploads\/2022\/10\/Rollo-1-1-1024x1015.png\" alt=\"\" class=\"wp-image-474\" srcset=\"https:\/\/www.faxerollo.dk\/wp-content\/uploads\/2022\/10\/Rollo-1-1-1024x1015.png 1024w, https:\/\/www.faxerollo.dk\/wp-content\/uploads\/2022\/10\/Rollo-1-1-300x297.png 300w, https:\/\/www.faxerollo.dk\/wp-content\/uploads\/2022\/10\/Rollo-1-1-150x150.png 150w, https:\/\/www.faxerollo.dk\/wp-content\/uploads\/2022\/10\/Rollo-1-1-768x761.png 768w, https:\/\/www.faxerollo.dk\/wp-content\/uploads\/2022\/10\/Rollo-1-1-1536x1522.png 1536w, https:\/\/www.faxerollo.dk\/wp-content\/uploads\/2022\/10\/Rollo-1-1-272x270.png 272w, https:\/\/www.faxerollo.dk\/wp-content\/uploads\/2022\/10\/Rollo-1-1.png 1554w\" sizes=\"auto, (max-width: 1024px) 100vw, 1024px\" \/><\/figure>\n<\/figure>\n","protected":false},"excerpt":{"rendered":"<p>Placering: Spejderhuset hedder Rolloborgen og ligger p\u00e5 Stationsvej 9. 4640 Faxe. Rolloborgen er en spejder hytte i to dele. Der er den store hytte hvor familiespejder og b\u00e6verne h\u00f8rer til, her er der ogs\u00e5 arregementer osv. Den anden hytte ligger lige ved siden af den store hytte og er der hvor Ulve og Trop h\u00f8rer til.<\/p>\n","protected":false},"author":1,"featured_media":0,"parent":49,"menu_order":0,"comment_status":"closed","ping_status":"open","template":"","meta":{"footnotes":""},"class_list":["post-53","page","type-page","status-publish","hentry"],"_links":{"self":[{"href":"https:\/\/www.faxerollo.dk\/index.php?rest_route=\/wp\/v2\/pages\/53","targetHints":{"allow":["GET"]}}],"collection":[{"href":"https:\/\/www.faxerollo.dk\/index.php?rest_route=\/wp\/v2\/pages"}],"about":[{"href":"https:\/\/www.faxerollo.dk\/index.php?rest_route=\/wp\/v2\/types\/page"}],"author":[{"embeddable":true,"href":"https:\/\/www.faxerollo.dk\/index.php?rest_route=\/wp\/v2\/users\/1"}],"replies":[{"embeddable":true,"href":"https:\/\/www.faxerollo.dk\/index.php?rest_route=%2Fwp%2Fv2%2Fcomments&post=53"}],"version-history":[{"count":4,"href":"https:\/\/www.faxerollo.dk\/index.php?rest_route=\/wp\/v2\/pages\/53\/revisions"}],"predecessor-version":[{"id":475,"href":"https:\/\/www.faxerollo.dk\/index.php?rest_route=\/wp\/v2\/pages\/53\/revisions\/475"}],"up":[{"embeddable":true,"href":"https:\/\/www.faxerollo.dk\/index.php?rest_route=\/wp\/v2\/pages\/49"}],"wp:attachment":[{"href":"https:\/\/www.faxerollo.dk\/index.php?rest_route=%2Fwp%2Fv2%2Fmedia&parent=53"}],"curies":[{"name":"wp","href":"https:\/\/api.w.org\/{rel}","templated":true}]}}