{"id":169,"date":"2022-01-15T02:06:42","date_gmt":"2022-01-15T02:06:42","guid":{"rendered":"https:\/\/rollo.gruppesite.dk\/?page_id=169"},"modified":"2023-08-20T19:04:34","modified_gmt":"2023-08-20T19:04:34","slug":"foraeldrehjaelpere","status":"publish","type":"page","link":"https:\/\/www.faxerollo.dk\/?page_id=169","title":{"rendered":"For\u00e6ldrehj\u00e6lpere"},"content":{"rendered":"\r\n<p>I spejdergruppen hj\u00e6lpes vi ad. Det betyder, at vi j\u00e6vnligt sp\u00f8rger for\u00e6ldre om hj\u00e6lp til at assistere p\u00e5 en tur eller v\u00e6re backup en dag til spejder, hvis kun f\u00e5 ledere kan komme.<\/p>\r\n\r\n\r\n\r\n<p>Alle spejderlederne er frivillige, og de skal ligesom b\u00f8rnene have det sjovt, n\u00e5r de er til spejder. Og nogle gange er det ekstra h\u00e6nder, der skal til, for at det bliver en hyggelig dag for alle.<\/p>\r\n<p>Vi henviser ogs\u00e5 her til vores side om at blive spejderleder, da vi altid s\u00f8ger nye frivillige.<\/p>\r\n<p>&nbsp;<\/p>\r\n","protected":false},"excerpt":{"rendered":"<p>I spejdergruppen hj\u00e6lpes vi ad. Det betyder, at vi j\u00e6vnligt sp\u00f8rger for\u00e6ldre om hj\u00e6lp til at assistere p\u00e5 en tur eller v\u00e6re backup en dag til spejder, hvis kun f\u00e5 ledere kan komme. Alle spejderlederne er frivillige, og de skal ligesom b\u00f8rnene have det sjovt, n\u00e5r de er til spejder. Og nogle gange er det ekstra h\u00e6nder, der skal til, for at det bliver en hyggelig dag for alle. Vi henviser ogs\u00e5 her til vores side om at blive spejderleder,&#8230;<\/p>\n<p class=\"read-more\"><a class=\"btn btn-default\" href=\"https:\/\/www.faxerollo.dk\/?page_id=169\"> Read More<span class=\"screen-reader-text\">  Read More<\/span><\/a><\/p>\n","protected":false},"author":1,"featured_media":0,"parent":51,"menu_order":0,"comment_status":"closed","ping_status":"closed","template":"","meta":{"footnotes":""},"class_list":["post-169","page","type-page","status-publish","hentry"],"_links":{"self":[{"href":"https:\/\/www.faxerollo.dk\/index.php?rest_route=\/wp\/v2\/pages\/169","targetHints":{"allow":["GET"]}}],"collection":[{"href":"https:\/\/www.faxerollo.dk\/index.php?rest_route=\/wp\/v2\/pages"}],"about":[{"href":"https:\/\/www.faxerollo.dk\/index.php?rest_route=\/wp\/v2\/types\/page"}],"author":[{"embeddable":true,"href":"https:\/\/www.faxerollo.dk\/index.php?rest_route=\/wp\/v2\/users\/1"}],"replies":[{"embeddable":true,"href":"https:\/\/www.faxerollo.dk\/index.php?rest_route=%2Fwp%2Fv2%2Fcomments&post=169"}],"version-history":[{"count":2,"href":"https:\/\/www.faxerollo.dk\/index.php?rest_route=\/wp\/v2\/pages\/169\/revisions"}],"predecessor-version":[{"id":649,"href":"https:\/\/www.faxerollo.dk\/index.php?rest_route=\/wp\/v2\/pages\/169\/revisions\/649"}],"up":[{"embeddable":true,"href":"https:\/\/www.faxerollo.dk\/index.php?rest_route=\/wp\/v2\/pages\/51"}],"wp:attachment":[{"href":"https:\/\/www.faxerollo.dk\/index.php?rest_route=%2Fwp%2Fv2%2Fmedia&parent=169"}],"curies":[{"name":"wp","href":"https:\/\/api.w.org\/{rel}","templated":true}]}}