{"id":164,"date":"2022-01-15T01:57:38","date_gmt":"2022-01-15T01:57:38","guid":{"rendered":"https:\/\/rollo.gruppesite.dk\/?page_id=164"},"modified":"2023-10-27T20:12:49","modified_gmt":"2023-10-27T20:12:49","slug":"uniform-og-toerklaede","status":"publish","type":"page","link":"https:\/\/www.faxerollo.dk\/?page_id=164","title":{"rendered":"Uniform og t\u00f8rkl\u00e6de"},"content":{"rendered":"\r\n<p><strong>Hvis du har k\u00f8bt dig en uniform og skal til at i gang med det store placeringspuslespil, s\u00e5 er du kommet til det rette sted. Nedenfor forklares uniform regler, k\u00f8b af uniform og t\u00f8rkl\u00e6de, og m\u00e6rkeplacering:<\/strong><\/p>\r\n<p><strong>(Eksempler p\u00e5 placeringen vises nederst p\u00e5 siden)<\/strong><\/p>\r\n<p><strong>Uniform regler:<\/strong><\/p>\r\n<p>Hos Rollo b\u00e6rer spejder og ledere altid deres uniform, til alle arrangementer, hvor mindre andet er meldt ud. Spejder-outfittet best\u00e5r af en gr\u00f8n spejdervest, vores gr\u00f8nne t\u00f8rkl\u00e6de og evt. andet spejderudstyr som kniv og tinst\u00e5l (hvis man har f\u00e5et sit knivm\u00e6rke).<\/p>\r\n\r\n\r\n\r\n<p>Da vi bruger det meste af dagen p\u00e5 at v\u00e6re udenfor, anbefales det at man har t\u00f8j p\u00e5 som kan klare at blive beskidt.<\/p>\r\n\r\n\r\n\r\n\r\n\r\n<p>Derudover skal man altid v\u00e6re kl\u00e6dt p\u00e5 til at kunne v\u00e6re udenfor. Da vi er spejdere generer vejret os ikke, og vi er derfor klar p\u00e5 at v\u00e6re udenfor uanset om det er solskin, regnvejr eller snevejr e.l.<\/p>\r\n<p><strong>Uniform: <\/strong><\/p>\r\n<p>KFUM-spejderne har indenfor de seneste par \u00e5r lavet en ny uniform. Denne kan k\u00f8bes hos eventyrsport, som er den f\u00f8rende s\u00e6lger af KFUM-spejdernes varer. Uniform kan findes p\u00e5 f\u00f8lgende link:\u00a0 <a href=\"https:\/\/www.eventyrsport.dk\/spejder-fdf\/kfum-spejderne\/uniform.html\">https:\/\/www.eventyrsport.dk\/spejder-fdf\/kfum-spejderne\/uniform.html<\/a><\/p>\r\n\r\n\r\n\r\n\r\n\r\n<p>Det er muligt at pr\u00f8ve uniformer inden bestilling, og det g\u00f8r du p\u00e5 KFUM-Spejdernes Administrationscenter, Wagnersvej 33, 2450 K\u00f8benhavn SV. Der er \u00e5bent mandag-torsdag kl. 9-16 og fredag kl. 9-15.<\/p>\r\n<p>Eventuelt kan i kontakte den n\u00e6rmeste eventyrsport, hvis i vil pr\u00f8ve en uniform.<\/p>\r\n<p><strong>T\u00f8rkl\u00e6de:<\/strong><\/p>\r\n<p>Normaltvis b\u00e6rer KFUM-spejderne det r\u00f8de spejdert\u00f8rkl\u00e6de, men hos Rollogruppe har vi designet vores eget. Vores t\u00f8rkl\u00e6de er syet af vores spejderledere og er gr\u00f8nt. Vi arbejder p\u00e5 at f\u00e5 syet nok t\u00f8rkl\u00e6der til at alle kan k\u00f8be det hos os. Af denne grund anbefaler vi IKKE at i bruger penge p\u00e5 det r\u00f8de t\u00f8rkl\u00e6de, men i stedet kontakter jeres spejderleder om det gr\u00f8nne.<\/p>\r\n<p><strong>Spejderm\u00e6rker:<\/strong><\/p>\r\n<p>Spejderm\u00e6rker skal normaltvis ikke k\u00f8bes af spejderen selv eller af deres for\u00e6ldre, de gives ud af spejderlederne til oprykningsweekend eller n\u00e5r de er optjent.<\/p>\r\n<p>Distriksm\u00e6rke, enhedsnavn, gruppenavn og enhedsm\u00e6rke uddeles af ens spejderleder n\u00e5r man begynder til spejder, da de er fast inventar p\u00e5 uniformen.<\/p>\r\n<p><strong>Uniform m\u00e6rke-placering:<\/strong><\/p>\r\n<p>At finde ud af hvor diverse m\u00e6rker skal sidde kan v\u00e6re lidt forvirrende, da der er mange m\u00e6rker og de allesammen betyder noget forskelligt. Af denne grund har vi her lagt KFUM-spejdernes officielle og nyeste (2023) uniform-tegning ud neden for, samt billede eksempler p\u00e5 en uniform nederst.<\/p>\r\n<p>Ved ydeligere sp\u00f8rgsm\u00e5l kontaktes jeres spejderleder.<\/p>\r\n\r\n\r\n\r\n<h3 class=\"wp-block-heading\">Uniformsvejledning<\/h3>\r\n\r\n\r\n\r\n<figure class=\"wp-block-image size-full is-resized\"><img decoding=\"async\" src=\"https:\/\/kfumspejderne.dk\/wp-content\/uploads\/2022\/11\/KFUM_uniformsvejledning_A3-pdf.jpg\" \/><\/figure>\r\n<p><strong>Her vises m\u00e6rkernes placering p\u00e5 ulveleder Freyas uniform:<\/strong><\/p>\r\n<p><strong>Forfra:<\/strong><\/p>\r\n<p><img loading=\"lazy\" decoding=\"async\" class=\"alignnone size-medium wp-image-656\" src=\"https:\/\/www.faxerollo.dk\/wp-content\/uploads\/2023\/09\/377819885_625780949727190_5897275178434304897_n-225x300.jpg\" alt=\"\" width=\"225\" height=\"300\" srcset=\"https:\/\/www.faxerollo.dk\/wp-content\/uploads\/2023\/09\/377819885_625780949727190_5897275178434304897_n-225x300.jpg 225w, https:\/\/www.faxerollo.dk\/wp-content\/uploads\/2023\/09\/377819885_625780949727190_5897275178434304897_n-768x1024.jpg 768w, https:\/\/www.faxerollo.dk\/wp-content\/uploads\/2023\/09\/377819885_625780949727190_5897275178434304897_n-1152x1536.jpg 1152w, https:\/\/www.faxerollo.dk\/wp-content\/uploads\/2023\/09\/377819885_625780949727190_5897275178434304897_n-203x270.jpg 203w, https:\/\/www.faxerollo.dk\/wp-content\/uploads\/2023\/09\/377819885_625780949727190_5897275178434304897_n.jpg 1500w\" sizes=\"auto, (max-width: 225px) 100vw, 225px\" \/><\/p>\r\n<ul>\r\n<li><strong>Rollom\u00e6rket<\/strong> (Placeres lige over h\u00f8jre brystlomme)<\/li>\r\n<li><strong>\u00c5rsstjernen<\/strong> (Placeres over brystlommen, til venstre).<\/li>\r\n<li><strong>Ulvenavn<\/strong> (G\u00e6lder kun for medlemmer af Ulve-enheden) (Placeres lige over Rollo m\u00e6rket).<\/li>\r\n<li><strong>Distrikm\u00e6rket<\/strong> (Placeres over Rollom\u00e6rket og ulvenavnet)<\/li>\r\n<li><strong>Distriktm\u00e6rket fra Spejdernes lejr 2022<\/strong> (Placeres over \u00e5rs-stjernen).<\/li>\r\n<\/ul>\r\n<p><strong>H\u00f8jre arm:<\/strong><\/p>\r\n<p><img loading=\"lazy\" decoding=\"async\" class=\"alignnone size-medium wp-image-657\" src=\"https:\/\/www.faxerollo.dk\/wp-content\/uploads\/2023\/09\/377884506_327835452980623_1222201708367655538_n-225x300.jpg\" alt=\"\" width=\"225\" height=\"300\" srcset=\"https:\/\/www.faxerollo.dk\/wp-content\/uploads\/2023\/09\/377884506_327835452980623_1222201708367655538_n-225x300.jpg 225w, https:\/\/www.faxerollo.dk\/wp-content\/uploads\/2023\/09\/377884506_327835452980623_1222201708367655538_n-768x1024.jpg 768w, https:\/\/www.faxerollo.dk\/wp-content\/uploads\/2023\/09\/377884506_327835452980623_1222201708367655538_n-1152x1536.jpg 1152w, https:\/\/www.faxerollo.dk\/wp-content\/uploads\/2023\/09\/377884506_327835452980623_1222201708367655538_n-203x270.jpg 203w, https:\/\/www.faxerollo.dk\/wp-content\/uploads\/2023\/09\/377884506_327835452980623_1222201708367655538_n.jpg 1500w\" sizes=\"auto, (max-width: 225px) 100vw, 225px\" \/><\/p>\r\n<ul>\r\n<li><strong>Enhedsm\u00e6rke<\/strong> (\u00d8verst p\u00e5 armen).<\/li>\r\n<li><strong>F\u00e6rdighedsm\u00e6rker og palettem\u00e6rker<\/strong> (Midt p\u00e5 armen).<\/li>\r\n<li><strong>Kursusm\u00e6rker<\/strong> (Under knappen p\u00e5 armen).<\/li>\r\n<\/ul>\r\n<p><strong>Venstre arm:<\/strong><\/p>\r\n<p><img loading=\"lazy\" decoding=\"async\" class=\"alignnone size-medium wp-image-658\" src=\"https:\/\/www.faxerollo.dk\/wp-content\/uploads\/2023\/09\/377798408_259621103722520_7906966810897819833_n-209x300.jpg\" alt=\"\" width=\"209\" height=\"300\" srcset=\"https:\/\/www.faxerollo.dk\/wp-content\/uploads\/2023\/09\/377798408_259621103722520_7906966810897819833_n-209x300.jpg 209w, https:\/\/www.faxerollo.dk\/wp-content\/uploads\/2023\/09\/377798408_259621103722520_7906966810897819833_n-715x1024.jpg 715w, https:\/\/www.faxerollo.dk\/wp-content\/uploads\/2023\/09\/377798408_259621103722520_7906966810897819833_n-768x1100.jpg 768w, https:\/\/www.faxerollo.dk\/wp-content\/uploads\/2023\/09\/377798408_259621103722520_7906966810897819833_n-1073x1536.jpg 1073w, https:\/\/www.faxerollo.dk\/wp-content\/uploads\/2023\/09\/377798408_259621103722520_7906966810897819833_n-189x270.jpg 189w, https:\/\/www.faxerollo.dk\/wp-content\/uploads\/2023\/09\/377798408_259621103722520_7906966810897819833_n.jpg 1430w\" sizes=\"auto, (max-width: 209px) 100vw, 209px\" \/><\/p>\r\n<ul>\r\n<li><strong>Nyeste lejrm\u00e6rker<\/strong> (\u00d8verst p\u00e5 armen) (I dette tilf\u00e6lde er det m\u00e6rket fra Spejdernes lejr 2022, som fjernes til n\u00e6ste Spejdernes lejr).<\/li>\r\n<li><strong>Madmor m\u00e6rket<\/strong> (Er et speciel m\u00e6rke, som er placeret p\u00e5 venstre arm). Andre turm\u00e6rker og projektm\u00e6rker placeres ligeledes her).<\/li>\r\n<li><strong>Kilometer-m\u00e6rket<\/strong> (Placeres lige over knappen p\u00e5 venstre arm, eller p\u00e5 sit b\u00e6lte).<\/li>\r\n<\/ul>\r\n","protected":false},"excerpt":{"rendered":"<p>Hvis du har k\u00f8bt dig en uniform og skal til at i gang med det store placeringspuslespil, s\u00e5 er du kommet til det rette sted. Nedenfor forklares uniform regler, k\u00f8b af uniform og t\u00f8rkl\u00e6de, og m\u00e6rkeplacering: (Eksempler p\u00e5 placeringen vises nederst p\u00e5 siden) Uniform regler: Hos Rollo b\u00e6rer spejder og ledere altid deres uniform, til alle arrangementer, hvor mindre andet er meldt ud. Spejder-outfittet best\u00e5r af en gr\u00f8n spejdervest, vores gr\u00f8nne t\u00f8rkl\u00e6de og evt. andet spejderudstyr som kniv og tinst\u00e5l&#8230;<\/p>\n<p class=\"read-more\"><a class=\"btn btn-default\" href=\"https:\/\/www.faxerollo.dk\/?page_id=164\"> Read More<span class=\"screen-reader-text\">  Read More<\/span><\/a><\/p>\n","protected":false},"author":1,"featured_media":0,"parent":51,"menu_order":1,"comment_status":"closed","ping_status":"closed","template":"","meta":{"footnotes":""},"class_list":["post-164","page","type-page","status-publish","hentry"],"_links":{"self":[{"href":"https:\/\/www.faxerollo.dk\/index.php?rest_route=\/wp\/v2\/pages\/164","targetHints":{"allow":["GET"]}}],"collection":[{"href":"https:\/\/www.faxerollo.dk\/index.php?rest_route=\/wp\/v2\/pages"}],"about":[{"href":"https:\/\/www.faxerollo.dk\/index.php?rest_route=\/wp\/v2\/types\/page"}],"author":[{"embeddable":true,"href":"https:\/\/www.faxerollo.dk\/index.php?rest_route=\/wp\/v2\/users\/1"}],"replies":[{"embeddable":true,"href":"https:\/\/www.faxerollo.dk\/index.php?rest_route=%2Fwp%2Fv2%2Fcomments&post=164"}],"version-history":[{"count":10,"href":"https:\/\/www.faxerollo.dk\/index.php?rest_route=\/wp\/v2\/pages\/164\/revisions"}],"predecessor-version":[{"id":694,"href":"https:\/\/www.faxerollo.dk\/index.php?rest_route=\/wp\/v2\/pages\/164\/revisions\/694"}],"up":[{"embeddable":true,"href":"https:\/\/www.faxerollo.dk\/index.php?rest_route=\/wp\/v2\/pages\/51"}],"wp:attachment":[{"href":"https:\/\/www.faxerollo.dk\/index.php?rest_route=%2Fwp%2Fv2%2Fmedia&parent=164"}],"curies":[{"name":"wp","href":"https:\/\/api.w.org\/{rel}","templated":true}]}}