{"id":157,"date":"2022-01-15T01:21:08","date_gmt":"2022-01-15T01:21:08","guid":{"rendered":"https:\/\/rollo.gruppesite.dk\/?page_id=157"},"modified":"2023-08-20T19:01:13","modified_gmt":"2023-08-20T19:01:13","slug":"bliv-frivillig","status":"publish","type":"page","link":"https:\/\/www.faxerollo.dk\/?page_id=157","title":{"rendered":"Bliv spejderleder"},"content":{"rendered":"\r\n<p><em>Er du voksen? Kan du lide at v\u00e6re ude? Vi s\u00f8ger altid nye ledere, som kan hj\u00e6lpe til i vores spejdergruppe.<\/em><\/p>\r\n<p>Det lyder m\u00e5ske af meget at skulle v\u00e6re leder for en spejdergruppe og l\u00e6re en masse b\u00f8rn diverse spejderf\u00e6rdigheder og aktiviteter. Men hos os pr\u00f8ver man sig s\u00e5 godt frem som man nu kan og s\u00e5 l\u00e6rer man i f\u00e6llesskab med vores spejdere og andre ledere. Der er intet krav til dine erfaringer, og hvis du ikke selv har v\u00e6ret spejder f\u00f8r, er du lige s\u00e5 velkommen. Mest af alt har vi brug for nogle frivillige som vil v\u00e6re med til at skabe et godt f\u00e6llesskab for vores spejdere. Ud over det er vi er gode til sidemands-opl\u00e6ring og er nogle ledere som elsker at have det sjovt i hinandens f\u00e6llesskab.<\/p>\r\n<p>Vi har i stor grad brug for spejderledere, da det kr\u00e6ver en bred ledergruppe, for at kunne tage i mod s\u00e5 mange spejdere som muligt. Kunne du have lyst til at pr\u00f8ve kr\u00e6fter af med at v\u00e6re spejder, er der mulighed for at pr\u00f8ve det af et par gange og se om det er noget for dig.<\/p>\r\n\r\n\r\n\r\n<p>&nbsp;<\/p>\r\n\r\n\r\n\r\n<p><strong>Du kan forvente:<\/strong><\/p>\r\n\r\n\r\n\r\n<ul class=\"wp-block-list\">\r\n<li>At give b\u00f8rn mulighed for gode oplevelser og nye venskaber<\/li>\r\n<li>At v\u00e6re del af et meningsfyldt voksenf\u00e6llesskab med andre frivillige<\/li>\r\n<li>At kunne give af dit overskud og ikke af dit underskud<\/li>\r\n<li>At have det rigtig sjovt med at l\u00e6re nye ting i godt f\u00e6llesskab<\/li>\r\n<\/ul>\r\n<p>&nbsp;<\/p>\r\n<p>Der er mulighed for at v\u00e6re leder hos alle vores enheder. Der kan l\u00e6ses under enheder hvorn\u00e5r de forskellige enheder er i hytten.<\/p>\r\n\r\n\r\n\r\n<p>Der er ikke krav til dine erfaringer. Vi er en sk\u00f8n blanding af nye spejdere, gamle spejdere og slet-ikke-spejdere.<\/p>\r\n<p>&nbsp;<\/p>\r\n\r\n\r\n\r\n<p>Vil du h\u00f8re mere, s\u00e5 kontakt Birgitte \u2013 p\u00e5 vores Facebook side <a href=\"https:\/\/www.facebook.com\/rollogruppe\/?ref=page_internal\" data-type=\"URL\" data-id=\"https:\/\/www.facebook.com\/rollogruppe\/?ref=page_internal\">https:\/\/www.facebook.com\/rollogruppe\/?ref=page_internal<\/a><\/p>\r\n\r\n\r\n\r\n\r\n\r\n<p>Her er lidt billeder af Rollos ledere:<\/p>\r\n\r\n\r\n\r\n<figure class=\"wp-block-gallery has-nested-images columns-default is-cropped wp-block-gallery-1 is-layout-flex wp-block-gallery-is-layout-flex\">\r\n<figure class=\"wp-block-image\"><img decoding=\"async\" src=\"https:\/\/www.faxerollo.dk\/wp-content\/uploads\/2022\/10\/Leder-17-768x1024.jpg\" alt=\"Dette billede har en tom ALT-egenskab (billedbeskrivelse). Filnavnet er Leder-17-768x1024.jpg\" \/>\r\n<figcaption>Oprykningsweekend 2022<\/figcaption>\r\n<\/figure>\r\n\r\n\r\n\r\n<figure class=\"wp-block-image size-large\"><img loading=\"lazy\" decoding=\"async\" width=\"1024\" height=\"768\" data-id=\"492\" class=\"wp-image-492\" src=\"https:\/\/www.faxerollo.dk\/wp-content\/uploads\/2022\/10\/Leder-1-1024x768.jpg\" alt=\"\" srcset=\"https:\/\/www.faxerollo.dk\/wp-content\/uploads\/2022\/10\/Leder-1-1024x768.jpg 1024w, https:\/\/www.faxerollo.dk\/wp-content\/uploads\/2022\/10\/Leder-1-300x225.jpg 300w, https:\/\/www.faxerollo.dk\/wp-content\/uploads\/2022\/10\/Leder-1-768x576.jpg 768w, https:\/\/www.faxerollo.dk\/wp-content\/uploads\/2022\/10\/Leder-1-1536x1152.jpg 1536w, https:\/\/www.faxerollo.dk\/wp-content\/uploads\/2022\/10\/Leder-1-360x270.jpg 360w, https:\/\/www.faxerollo.dk\/wp-content\/uploads\/2022\/10\/Leder-1.jpg 2048w\" sizes=\"auto, (max-width: 1024px) 100vw, 1024px\" \/>\r\n<figcaption>Lederweekend 2022<\/figcaption>\r\n<\/figure>\r\n\r\n\r\n\r\n<figure class=\"wp-block-image size-large\"><img loading=\"lazy\" decoding=\"async\" width=\"720\" height=\"960\" data-id=\"478\" class=\"wp-image-478\" src=\"https:\/\/www.faxerollo.dk\/wp-content\/uploads\/2022\/10\/Leder-4.jpg\" alt=\"\" srcset=\"https:\/\/www.faxerollo.dk\/wp-content\/uploads\/2022\/10\/Leder-4.jpg 720w, https:\/\/www.faxerollo.dk\/wp-content\/uploads\/2022\/10\/Leder-4-225x300.jpg 225w, https:\/\/www.faxerollo.dk\/wp-content\/uploads\/2022\/10\/Leder-4-203x270.jpg 203w\" sizes=\"auto, (max-width: 720px) 100vw, 720px\" \/>\r\n<figcaption>Lederweekend 2022<\/figcaption>\r\n<\/figure>\r\n\r\n\r\n\r\n<figure class=\"wp-block-image size-large\"><img loading=\"lazy\" decoding=\"async\" width=\"728\" height=\"960\" data-id=\"480\" class=\"wp-image-480\" src=\"https:\/\/www.faxerollo.dk\/wp-content\/uploads\/2022\/10\/Leder-14.jpg\" alt=\"\" srcset=\"https:\/\/www.faxerollo.dk\/wp-content\/uploads\/2022\/10\/Leder-14.jpg 728w, https:\/\/www.faxerollo.dk\/wp-content\/uploads\/2022\/10\/Leder-14-228x300.jpg 228w, https:\/\/www.faxerollo.dk\/wp-content\/uploads\/2022\/10\/Leder-14-205x270.jpg 205w\" sizes=\"auto, (max-width: 728px) 100vw, 728px\" \/><\/figure>\r\n\r\n\r\n\r\n<figure class=\"wp-block-image size-large\"><img loading=\"lazy\" decoding=\"async\" width=\"960\" height=\"720\" data-id=\"481\" class=\"wp-image-481\" src=\"https:\/\/www.faxerollo.dk\/wp-content\/uploads\/2022\/10\/Leder-13.jpg\" alt=\"\" srcset=\"https:\/\/www.faxerollo.dk\/wp-content\/uploads\/2022\/10\/Leder-13.jpg 960w, https:\/\/www.faxerollo.dk\/wp-content\/uploads\/2022\/10\/Leder-13-300x225.jpg 300w, https:\/\/www.faxerollo.dk\/wp-content\/uploads\/2022\/10\/Leder-13-768x576.jpg 768w, https:\/\/www.faxerollo.dk\/wp-content\/uploads\/2022\/10\/Leder-13-360x270.jpg 360w\" sizes=\"auto, (max-width: 960px) 100vw, 960px\" \/><\/figure>\r\n\r\n\r\n\r\n<figure class=\"wp-block-image size-large\"><img loading=\"lazy\" decoding=\"async\" width=\"768\" height=\"1024\" data-id=\"488\" class=\"wp-image-488\" src=\"https:\/\/www.faxerollo.dk\/wp-content\/uploads\/2022\/10\/Leder-12-768x1024.jpg\" alt=\"\" srcset=\"https:\/\/www.faxerollo.dk\/wp-content\/uploads\/2022\/10\/Leder-12-768x1024.jpg 768w, https:\/\/www.faxerollo.dk\/wp-content\/uploads\/2022\/10\/Leder-12-225x300.jpg 225w, https:\/\/www.faxerollo.dk\/wp-content\/uploads\/2022\/10\/Leder-12-1152x1536.jpg 1152w, https:\/\/www.faxerollo.dk\/wp-content\/uploads\/2022\/10\/Leder-12-203x270.jpg 203w, https:\/\/www.faxerollo.dk\/wp-content\/uploads\/2022\/10\/Leder-12.jpg 1536w\" sizes=\"auto, (max-width: 768px) 100vw, 768px\" \/>\r\n<figcaption>Arbejdsweekend 2021<\/figcaption>\r\n<\/figure>\r\n\r\n\r\n\r\n<figure class=\"wp-block-image size-large\"><img loading=\"lazy\" decoding=\"async\" width=\"960\" height=\"718\" data-id=\"479\" class=\"wp-image-479\" src=\"https:\/\/www.faxerollo.dk\/wp-content\/uploads\/2022\/10\/Leder-15.jpg\" alt=\"\" srcset=\"https:\/\/www.faxerollo.dk\/wp-content\/uploads\/2022\/10\/Leder-15.jpg 960w, https:\/\/www.faxerollo.dk\/wp-content\/uploads\/2022\/10\/Leder-15-300x224.jpg 300w, https:\/\/www.faxerollo.dk\/wp-content\/uploads\/2022\/10\/Leder-15-768x574.jpg 768w, https:\/\/www.faxerollo.dk\/wp-content\/uploads\/2022\/10\/Leder-15-361x270.jpg 361w\" sizes=\"auto, (max-width: 960px) 100vw, 960px\" \/><\/figure>\r\n\r\n\r\n\r\n<figure class=\"wp-block-image size-large\"><img loading=\"lazy\" decoding=\"async\" width=\"540\" height=\"960\" data-id=\"477\" class=\"wp-image-477\" src=\"https:\/\/www.faxerollo.dk\/wp-content\/uploads\/2022\/10\/Leder-16.jpg\" alt=\"\" srcset=\"https:\/\/www.faxerollo.dk\/wp-content\/uploads\/2022\/10\/Leder-16.jpg 540w, https:\/\/www.faxerollo.dk\/wp-content\/uploads\/2022\/10\/Leder-16-169x300.jpg 169w, https:\/\/www.faxerollo.dk\/wp-content\/uploads\/2022\/10\/Leder-16-152x270.jpg 152w\" sizes=\"auto, (max-width: 540px) 100vw, 540px\" \/><\/figure>\r\n\r\n\r\n\r\n<figure class=\"wp-block-image size-large\"><img loading=\"lazy\" decoding=\"async\" width=\"768\" height=\"1024\" data-id=\"486\" class=\"wp-image-486\" src=\"https:\/\/www.faxerollo.dk\/wp-content\/uploads\/2022\/10\/Leder-11-768x1024.jpg\" alt=\"\" srcset=\"https:\/\/www.faxerollo.dk\/wp-content\/uploads\/2022\/10\/Leder-11-768x1024.jpg 768w, https:\/\/www.faxerollo.dk\/wp-content\/uploads\/2022\/10\/Leder-11-225x300.jpg 225w, https:\/\/www.faxerollo.dk\/wp-content\/uploads\/2022\/10\/Leder-11-1152x1536.jpg 1152w, https:\/\/www.faxerollo.dk\/wp-content\/uploads\/2022\/10\/Leder-11-203x270.jpg 203w, https:\/\/www.faxerollo.dk\/wp-content\/uploads\/2022\/10\/Leder-11.jpg 1536w\" sizes=\"auto, (max-width: 768px) 100vw, 768px\" \/><\/figure>\r\n\r\n\r\n\r\n<figure class=\"wp-block-image size-large\"><img loading=\"lazy\" decoding=\"async\" width=\"768\" height=\"1024\" data-id=\"489\" class=\"wp-image-489\" src=\"https:\/\/www.faxerollo.dk\/wp-content\/uploads\/2022\/10\/Leder-10-768x1024.jpg\" alt=\"\" srcset=\"https:\/\/www.faxerollo.dk\/wp-content\/uploads\/2022\/10\/Leder-10-768x1024.jpg 768w, https:\/\/www.faxerollo.dk\/wp-content\/uploads\/2022\/10\/Leder-10-225x300.jpg 225w, https:\/\/www.faxerollo.dk\/wp-content\/uploads\/2022\/10\/Leder-10-1152x1536.jpg 1152w, https:\/\/www.faxerollo.dk\/wp-content\/uploads\/2022\/10\/Leder-10-203x270.jpg 203w, https:\/\/www.faxerollo.dk\/wp-content\/uploads\/2022\/10\/Leder-10.jpg 1536w\" sizes=\"auto, (max-width: 768px) 100vw, 768px\" \/>\r\n<figcaption>Spejdernes lejr 2022<\/figcaption>\r\n<\/figure>\r\n\r\n\r\n\r\n<figure class=\"wp-block-image size-large\"><img loading=\"lazy\" decoding=\"async\" width=\"473\" height=\"1024\" data-id=\"482\" class=\"wp-image-482\" src=\"https:\/\/www.faxerollo.dk\/wp-content\/uploads\/2022\/10\/Leder-9-473x1024.jpg\" alt=\"\" srcset=\"https:\/\/www.faxerollo.dk\/wp-content\/uploads\/2022\/10\/Leder-9-473x1024.jpg 473w, https:\/\/www.faxerollo.dk\/wp-content\/uploads\/2022\/10\/Leder-9-139x300.jpg 139w, https:\/\/www.faxerollo.dk\/wp-content\/uploads\/2022\/10\/Leder-9-768x1662.jpg 768w, https:\/\/www.faxerollo.dk\/wp-content\/uploads\/2022\/10\/Leder-9-710x1536.jpg 710w, https:\/\/www.faxerollo.dk\/wp-content\/uploads\/2022\/10\/Leder-9-125x270.jpg 125w, https:\/\/www.faxerollo.dk\/wp-content\/uploads\/2022\/10\/Leder-9.jpg 828w\" sizes=\"auto, (max-width: 473px) 100vw, 473px\" \/>\r\n<figcaption>Oprykningsweekend 2022<\/figcaption>\r\n<\/figure>\r\n\r\n\r\n\r\n<figure class=\"wp-block-image size-large\"><img loading=\"lazy\" decoding=\"async\" width=\"768\" height=\"1024\" data-id=\"484\" class=\"wp-image-484\" src=\"https:\/\/www.faxerollo.dk\/wp-content\/uploads\/2022\/10\/Leder-8-768x1024.jpg\" alt=\"\" srcset=\"https:\/\/www.faxerollo.dk\/wp-content\/uploads\/2022\/10\/Leder-8-768x1024.jpg 768w, https:\/\/www.faxerollo.dk\/wp-content\/uploads\/2022\/10\/Leder-8-225x300.jpg 225w, https:\/\/www.faxerollo.dk\/wp-content\/uploads\/2022\/10\/Leder-8-1152x1536.jpg 1152w, https:\/\/www.faxerollo.dk\/wp-content\/uploads\/2022\/10\/Leder-8-203x270.jpg 203w, https:\/\/www.faxerollo.dk\/wp-content\/uploads\/2022\/10\/Leder-8.jpg 1536w\" sizes=\"auto, (max-width: 768px) 100vw, 768px\" \/>\r\n<figcaption>Oprykningsweekend 2022<\/figcaption>\r\n<\/figure>\r\n\r\n\r\n\r\n<figure class=\"wp-block-image size-large\"><img loading=\"lazy\" decoding=\"async\" width=\"768\" height=\"1024\" data-id=\"490\" class=\"wp-image-490\" src=\"https:\/\/www.faxerollo.dk\/wp-content\/uploads\/2022\/10\/Leder-7-768x1024.jpg\" alt=\"\" srcset=\"https:\/\/www.faxerollo.dk\/wp-content\/uploads\/2022\/10\/Leder-7-768x1024.jpg 768w, https:\/\/www.faxerollo.dk\/wp-content\/uploads\/2022\/10\/Leder-7-225x300.jpg 225w, https:\/\/www.faxerollo.dk\/wp-content\/uploads\/2022\/10\/Leder-7-1152x1536.jpg 1152w, https:\/\/www.faxerollo.dk\/wp-content\/uploads\/2022\/10\/Leder-7-203x270.jpg 203w, https:\/\/www.faxerollo.dk\/wp-content\/uploads\/2022\/10\/Leder-7.jpg 1536w\" sizes=\"auto, (max-width: 768px) 100vw, 768px\" \/>\r\n<figcaption>Oprykningsweekend 2022<\/figcaption>\r\n<\/figure>\r\n\r\n\r\n\r\n<figure class=\"wp-block-image size-large\"><img loading=\"lazy\" decoding=\"async\" width=\"768\" height=\"1024\" data-id=\"485\" class=\"wp-image-485\" src=\"https:\/\/www.faxerollo.dk\/wp-content\/uploads\/2022\/10\/Leder-5-768x1024.jpg\" alt=\"\" srcset=\"https:\/\/www.faxerollo.dk\/wp-content\/uploads\/2022\/10\/Leder-5-768x1024.jpg 768w, https:\/\/www.faxerollo.dk\/wp-content\/uploads\/2022\/10\/Leder-5-225x300.jpg 225w, https:\/\/www.faxerollo.dk\/wp-content\/uploads\/2022\/10\/Leder-5-1152x1536.jpg 1152w, https:\/\/www.faxerollo.dk\/wp-content\/uploads\/2022\/10\/Leder-5-203x270.jpg 203w, https:\/\/www.faxerollo.dk\/wp-content\/uploads\/2022\/10\/Leder-5.jpg 1536w\" sizes=\"auto, (max-width: 768px) 100vw, 768px\" \/>\r\n<figcaption>Oprykningsweekend 2022<\/figcaption>\r\n<\/figure>\r\n\r\n\r\n\r\n<figure class=\"wp-block-image size-large\"><img loading=\"lazy\" decoding=\"async\" width=\"1024\" height=\"768\" data-id=\"483\" class=\"wp-image-483\" src=\"https:\/\/www.faxerollo.dk\/wp-content\/uploads\/2022\/10\/Leder-3-1024x768.jpg\" alt=\"\" srcset=\"https:\/\/www.faxerollo.dk\/wp-content\/uploads\/2022\/10\/Leder-3-1024x768.jpg 1024w, https:\/\/www.faxerollo.dk\/wp-content\/uploads\/2022\/10\/Leder-3-300x225.jpg 300w, https:\/\/www.faxerollo.dk\/wp-content\/uploads\/2022\/10\/Leder-3-768x576.jpg 768w, https:\/\/www.faxerollo.dk\/wp-content\/uploads\/2022\/10\/Leder-3-1536x1152.jpg 1536w, https:\/\/www.faxerollo.dk\/wp-content\/uploads\/2022\/10\/Leder-3-360x270.jpg 360w, https:\/\/www.faxerollo.dk\/wp-content\/uploads\/2022\/10\/Leder-3.jpg 2048w\" sizes=\"auto, (max-width: 1024px) 100vw, 1024px\" \/>\r\n<figcaption>Lederweekend 2022<\/figcaption>\r\n<\/figure>\r\n\r\n\r\n\r\n<figure class=\"wp-block-image size-large\"><img loading=\"lazy\" decoding=\"async\" width=\"1024\" height=\"768\" data-id=\"493\" class=\"wp-image-493\" src=\"https:\/\/www.faxerollo.dk\/wp-content\/uploads\/2022\/10\/Leder-2-1024x768.jpg\" alt=\"\" srcset=\"https:\/\/www.faxerollo.dk\/wp-content\/uploads\/2022\/10\/Leder-2-1024x768.jpg 1024w, https:\/\/www.faxerollo.dk\/wp-content\/uploads\/2022\/10\/Leder-2-300x225.jpg 300w, https:\/\/www.faxerollo.dk\/wp-content\/uploads\/2022\/10\/Leder-2-768x576.jpg 768w, https:\/\/www.faxerollo.dk\/wp-content\/uploads\/2022\/10\/Leder-2-1536x1152.jpg 1536w, https:\/\/www.faxerollo.dk\/wp-content\/uploads\/2022\/10\/Leder-2-360x270.jpg 360w, https:\/\/www.faxerollo.dk\/wp-content\/uploads\/2022\/10\/Leder-2.jpg 2048w\" sizes=\"auto, (max-width: 1024px) 100vw, 1024px\" \/>\r\n<figcaption>Lederweekend 2022<\/figcaption>\r\n<\/figure>\r\n<\/figure>\r\n","protected":false},"excerpt":{"rendered":"<p>Er du voksen? Kan du lide at v\u00e6re ude? Vi s\u00f8ger altid nye ledere, som kan hj\u00e6lpe til i vores spejdergruppe. Det lyder m\u00e5ske af meget at skulle v\u00e6re leder for en spejdergruppe og l\u00e6re en masse b\u00f8rn diverse spejderf\u00e6rdigheder og aktiviteter. Men hos os pr\u00f8ver man sig s\u00e5 godt frem som man nu kan og s\u00e5 l\u00e6rer man i f\u00e6llesskab med vores spejdere og andre ledere. Der er intet krav til dine erfaringer, og hvis du ikke selv har&#8230;<\/p>\n<p class=\"read-more\"><a class=\"btn btn-default\" href=\"https:\/\/www.faxerollo.dk\/?page_id=157\"> Read More<span class=\"screen-reader-text\">  Read More<\/span><\/a><\/p>\n","protected":false},"author":1,"featured_media":0,"parent":49,"menu_order":0,"comment_status":"closed","ping_status":"closed","template":"","meta":{"footnotes":""},"class_list":["post-157","page","type-page","status-publish","hentry"],"_links":{"self":[{"href":"https:\/\/www.faxerollo.dk\/index.php?rest_route=\/wp\/v2\/pages\/157","targetHints":{"allow":["GET"]}}],"collection":[{"href":"https:\/\/www.faxerollo.dk\/index.php?rest_route=\/wp\/v2\/pages"}],"about":[{"href":"https:\/\/www.faxerollo.dk\/index.php?rest_route=\/wp\/v2\/types\/page"}],"author":[{"embeddable":true,"href":"https:\/\/www.faxerollo.dk\/index.php?rest_route=\/wp\/v2\/users\/1"}],"replies":[{"embeddable":true,"href":"https:\/\/www.faxerollo.dk\/index.php?rest_route=%2Fwp%2Fv2%2Fcomments&post=157"}],"version-history":[{"count":8,"href":"https:\/\/www.faxerollo.dk\/index.php?rest_route=\/wp\/v2\/pages\/157\/revisions"}],"predecessor-version":[{"id":647,"href":"https:\/\/www.faxerollo.dk\/index.php?rest_route=\/wp\/v2\/pages\/157\/revisions\/647"}],"up":[{"embeddable":true,"href":"https:\/\/www.faxerollo.dk\/index.php?rest_route=\/wp\/v2\/pages\/49"}],"wp:attachment":[{"href":"https:\/\/www.faxerollo.dk\/index.php?rest_route=%2Fwp%2Fv2%2Fmedia&parent=157"}],"curies":[{"name":"wp","href":"https:\/\/api.w.org\/{rel}","templated":true}]}}