{"id":110,"date":"2022-01-14T22:36:26","date_gmt":"2022-01-14T22:36:26","guid":{"rendered":"https:\/\/rollo.gruppesite.dk\/?page_id=110"},"modified":"2025-01-26T10:17:59","modified_gmt":"2025-01-26T10:17:59","slug":"baevere","status":"publish","type":"page","link":"https:\/\/www.faxerollo.dk\/?page_id=110","title":{"rendered":"B\u00e6vere"},"content":{"rendered":"\r\n<p><strong>Hvad er b\u00e6ver spejderne?<\/strong><\/p>\r\n\r\n\r\n\r\n<figure class=\"wp-block-image size-large\"><img loading=\"lazy\" decoding=\"async\" width=\"1024\" height=\"768\" class=\"wp-image-456\" src=\"https:\/\/www.faxerollo.dk\/wp-content\/uploads\/2022\/10\/Baever-1-1024x768.jpg\" alt=\"\" srcset=\"https:\/\/www.faxerollo.dk\/wp-content\/uploads\/2022\/10\/Baever-1-1024x768.jpg 1024w, https:\/\/www.faxerollo.dk\/wp-content\/uploads\/2022\/10\/Baever-1-300x225.jpg 300w, https:\/\/www.faxerollo.dk\/wp-content\/uploads\/2022\/10\/Baever-1-768x576.jpg 768w, https:\/\/www.faxerollo.dk\/wp-content\/uploads\/2022\/10\/Baever-1-1536x1152.jpg 1536w, https:\/\/www.faxerollo.dk\/wp-content\/uploads\/2022\/10\/Baever-1-360x270.jpg 360w, https:\/\/www.faxerollo.dk\/wp-content\/uploads\/2022\/10\/Baever-1.jpg 2048w\" sizes=\"auto, (max-width: 1024px) 100vw, 1024px\" \/>\r\n<figcaption>Dette er et billede af b\u00e6verne fra Spejdernes lejr 2022<\/figcaption>\r\n<\/figure>\r\n\r\n\r\n\r\n<p><strong>Lederne for b\u00e6ver spejderne<\/strong>: Lederne for b\u00e6ver spejderne er Ghita, Pernille, Thorhildur og Mikkel.<\/p>\r\n\r\n\r\n\r\n<p><strong>Praktisk<\/strong>: B\u00e6verne m\u00f8des hver s\u00f8ndag i ulige uger, fra 10-13.<\/p>\r\n\r\n\r\n\r\n<p>&nbsp;<\/p>\r\n","protected":false},"excerpt":{"rendered":"<p>Hvad er b\u00e6ver spejderne? Lederne for b\u00e6ver spejderne: Lederne for b\u00e6ver spejderne er Ghita, Pernille, Thorhildur og Mikkel. Praktisk: B\u00e6verne m\u00f8des hver s\u00f8ndag i ulige uger, fra 10-13. &nbsp;<\/p>\n","protected":false},"author":1,"featured_media":0,"parent":87,"menu_order":0,"comment_status":"closed","ping_status":"closed","template":"","meta":{"footnotes":""},"class_list":["post-110","page","type-page","status-publish","hentry"],"_links":{"self":[{"href":"https:\/\/www.faxerollo.dk\/index.php?rest_route=\/wp\/v2\/pages\/110","targetHints":{"allow":["GET"]}}],"collection":[{"href":"https:\/\/www.faxerollo.dk\/index.php?rest_route=\/wp\/v2\/pages"}],"about":[{"href":"https:\/\/www.faxerollo.dk\/index.php?rest_route=\/wp\/v2\/types\/page"}],"author":[{"embeddable":true,"href":"https:\/\/www.faxerollo.dk\/index.php?rest_route=\/wp\/v2\/users\/1"}],"replies":[{"embeddable":true,"href":"https:\/\/www.faxerollo.dk\/index.php?rest_route=%2Fwp%2Fv2%2Fcomments&post=110"}],"version-history":[{"count":7,"href":"https:\/\/www.faxerollo.dk\/index.php?rest_route=\/wp\/v2\/pages\/110\/revisions"}],"predecessor-version":[{"id":740,"href":"https:\/\/www.faxerollo.dk\/index.php?rest_route=\/wp\/v2\/pages\/110\/revisions\/740"}],"up":[{"embeddable":true,"href":"https:\/\/www.faxerollo.dk\/index.php?rest_route=\/wp\/v2\/pages\/87"}],"wp:attachment":[{"href":"https:\/\/www.faxerollo.dk\/index.php?rest_route=%2Fwp%2Fv2%2Fmedia&parent=110"}],"curies":[{"name":"wp","href":"https:\/\/api.w.org\/{rel}","templated":true}]}}