{"id":102,"date":"2022-01-14T22:25:00","date_gmt":"2022-01-14T22:25:00","guid":{"rendered":"https:\/\/rollo.gruppesite.dk\/?page_id=102"},"modified":"2025-01-26T10:17:29","modified_gmt":"2025-01-26T10:17:29","slug":"familiespejder","status":"publish","type":"page","link":"https:\/\/www.faxerollo.dk\/?page_id=102","title":{"rendered":"Familiespejder"},"content":{"rendered":"\r\n<figure class=\"wp-block-image size-large\"><img loading=\"lazy\" decoding=\"async\" width=\"1024\" height=\"768\" class=\"wp-image-458\" src=\"https:\/\/www.faxerollo.dk\/wp-content\/uploads\/2022\/10\/Familiespejder-1024x768.jpg\" alt=\"\" srcset=\"https:\/\/www.faxerollo.dk\/wp-content\/uploads\/2022\/10\/Familiespejder-1024x768.jpg 1024w, https:\/\/www.faxerollo.dk\/wp-content\/uploads\/2022\/10\/Familiespejder-300x225.jpg 300w, https:\/\/www.faxerollo.dk\/wp-content\/uploads\/2022\/10\/Familiespejder-768x576.jpg 768w, https:\/\/www.faxerollo.dk\/wp-content\/uploads\/2022\/10\/Familiespejder-1536x1152.jpg 1536w, https:\/\/www.faxerollo.dk\/wp-content\/uploads\/2022\/10\/Familiespejder-360x270.jpg 360w, https:\/\/www.faxerollo.dk\/wp-content\/uploads\/2022\/10\/Familiespejder.jpg 2048w\" sizes=\"auto, (max-width: 1024px) 100vw, 1024px\" \/>\r\n<figcaption>Her er familiespejderne p\u00e5 Rollos gr\u00e6spl\u00e6ne<\/figcaption>\r\n<\/figure>\r\n\r\n\r\n\r\n<p><strong>Hvad er familiespejder?<\/strong><\/p>\r\n\r\n\r\n\r\n<p>Familiespejder er vores yngste spejdergruppe, i aldersgrupperne 3-6 \u00e5r. Hos familiespejderne g\u00e5r b\u00f8rnene til spejder sammen med deres for\u00e6ldre. Aktiviteterne er udfordrende og sjove for b\u00e5de b\u00f8rn og voksne, og der tages udgangspunkt i, at I kan udf\u00f8re opgaverne sammen som familie.<\/p>\r\n\r\n\r\n\r\n<p>Familie spejder handler om gode oplevelser, natur og f\u00e6llesskab. Vi m\u00f8des altid ved spejdergruppens hytte og nogle gange bliver vi der, mens vi andre gange g\u00e5r et andet sted hen for at udf\u00f8re dagens aktiviteter.\u00a0<\/p>\r\n\r\n\r\n\r\n<p><strong>Lederne hos familie spejderne<\/strong>: Lederne hos familie spejderne er Ghita, Mikkel, Pernille og Thorhildur.<\/p>\r\n\r\n\r\n\r\n<p><strong>Praktisk<\/strong>: Vi m\u00f8des hver anden s\u00f8ndag i ulige uger, kl. 10-13.<\/p>\r\n","protected":false},"excerpt":{"rendered":"<p>Hvad er familiespejder? Familiespejder er vores yngste spejdergruppe, i aldersgrupperne 3-6 \u00e5r. Hos familiespejderne g\u00e5r b\u00f8rnene til spejder sammen med deres for\u00e6ldre. Aktiviteterne er udfordrende og sjove for b\u00e5de b\u00f8rn og voksne, og der tages udgangspunkt i, at I kan udf\u00f8re opgaverne sammen som familie. Familie spejder handler om gode oplevelser, natur og f\u00e6llesskab. Vi m\u00f8des altid ved spejdergruppens hytte og nogle gange bliver vi der, mens vi andre gange g\u00e5r et andet sted hen for at udf\u00f8re dagens aktiviteter.\u00a0&#8230;<\/p>\n<p class=\"read-more\"><a class=\"btn btn-default\" href=\"https:\/\/www.faxerollo.dk\/?page_id=102\"> Read More<span class=\"screen-reader-text\">  Read More<\/span><\/a><\/p>\n","protected":false},"author":1,"featured_media":0,"parent":87,"menu_order":0,"comment_status":"closed","ping_status":"closed","template":"","meta":{"footnotes":""},"class_list":["post-102","page","type-page","status-publish","hentry"],"_links":{"self":[{"href":"https:\/\/www.faxerollo.dk\/index.php?rest_route=\/wp\/v2\/pages\/102","targetHints":{"allow":["GET"]}}],"collection":[{"href":"https:\/\/www.faxerollo.dk\/index.php?rest_route=\/wp\/v2\/pages"}],"about":[{"href":"https:\/\/www.faxerollo.dk\/index.php?rest_route=\/wp\/v2\/types\/page"}],"author":[{"embeddable":true,"href":"https:\/\/www.faxerollo.dk\/index.php?rest_route=\/wp\/v2\/users\/1"}],"replies":[{"embeddable":true,"href":"https:\/\/www.faxerollo.dk\/index.php?rest_route=%2Fwp%2Fv2%2Fcomments&post=102"}],"version-history":[{"count":11,"href":"https:\/\/www.faxerollo.dk\/index.php?rest_route=\/wp\/v2\/pages\/102\/revisions"}],"predecessor-version":[{"id":739,"href":"https:\/\/www.faxerollo.dk\/index.php?rest_route=\/wp\/v2\/pages\/102\/revisions\/739"}],"up":[{"embeddable":true,"href":"https:\/\/www.faxerollo.dk\/index.php?rest_route=\/wp\/v2\/pages\/87"}],"wp:attachment":[{"href":"https:\/\/www.faxerollo.dk\/index.php?rest_route=%2Fwp%2Fv2%2Fmedia&parent=102"}],"curies":[{"name":"wp","href":"https:\/\/api.w.org\/{rel}","templated":true}]}}